{"id":2,"date":"2022-04-21T20:52:52","date_gmt":"2022-04-21T20:52:52","guid":{"rendered":"https:\/\/guldstadenskyokushin.se\/home\/?page_id=2"},"modified":"2026-02-13T08:49:53","modified_gmt":"2026-02-13T08:49:53","slug":"sample-page","status":"publish","type":"page","link":"https:\/\/guldstadenskyokushin.se\/home\/","title":{"rendered":"V\u00e4lkommen till Guldstadens Kyokushin Karate"},"content":{"rendered":"<h1>V\u00e5r Facebook-sida<\/h1>\n<p>Du hittar senaste h\u00e4ndelser om v\u00e5r klubb p\u00e5 v\u00e5r\u00a0<a href=\"https:\/\/www.facebook.com\/guldstadenskyokushin\" target=\"_blank\" rel=\"noopener\">Facebook sida<\/a>.<\/p>\n<hr \/>\n<h1>Om kyokushin<\/h1>\n<p>Ladda ner v\u00e5r kompendium om Kyokushin:\u00a0<a href=\"https:\/\/www.guldstadenskyokushin.se\/PDF\/guldstadens_kyokushin_karate_kompendium.pdf\" target=\"_blank\" rel=\"noopener\">Kompendium<\/a><\/p>\n<hr \/>\n<h1>Tr\u00e4ningstider<\/h1>\n<p>All tr\u00e4ning sker p\u00e5 Skellefte\u00e5 Budokan, Campushallen om inget annat anges.<\/p>\n<h2>Vintertider<\/h2>\n<p><strong>Tisdag<\/strong><\/p>\n<p>18:00 \u2013 19:00: Barn<br \/>\n19:00 \u2013 20:30: Vuxna och ungdom fr.13 \u00e5r och upp\u00e5t.<\/p>\n<p><strong>Torsdag<\/strong><\/p>\n<p>18:00 \u2013 18:50: Mini-karate barn 5-7 \u00e5r<br \/>\n18:00 \u2013 19:00: Barn 8-12 \u00e5r<br \/>\n19:00 \u2013 20:30: Vuxna och ungdom fr.13 \u00e5r och upp\u00e5t.<\/p>\n<p><strong>L\u00f6rdag<\/strong><\/p>\n<p>10.00-11.30: Vuxna och ungdom fr.13 \u00e5r och upp\u00e5t.<\/p>\n<h2>Sommartider (juni &#8211; augusti)<\/h2>\n<p><strong>Tisdag<\/strong><\/p>\n<p>19:00 \u2013 20:30: Vuxna och ungdom fr.13 \u00e5r och upp\u00e5t.<\/p>\n<p><strong>Torsdag<\/strong><\/p>\n<p>19:00 \u2013 20:30: Vuxna och ungdom fr.13 \u00e5r och upp\u00e5t.<\/p>\n<hr \/>\n<h1>Om klubben<\/h1>\n<h2>Stadgar<\/h2>\n<p><a href=\"https:\/\/www.guldstadenskyokushin.se\/PDF\/Guldstadens-Kyokushin-Karate-STADGAR.pdf\" target=\"_blank\" rel=\"noopener\">Guldstadens Kyokushin Karate STADGAR<\/a><\/p>\n<h2>Huvudansvariga<\/h2>\n<p>Oualid Burstr\u00f6m 070-2648154 (4:e Dan)<br \/>\nLars Lindgren 070-6571084 (2:a Dan)<br \/>\nHanna Lundmark 073-8399612 (2:a Dan)<br \/>\nKaveh zahmatkesh 073-8786835 (1:a Dan)<br \/>\nFredrik Westermark 070-5772909 (1:e Kyu)<\/p>\n<h2>Epost<\/h2>\n<p>Epost: info@guldstadenskyokushin.se<\/p>\n<h2>Faktureringsadress<\/h2>\n<p>Guldstadens Kyokushin Karate<br \/>\nC\/O Oualid Burstr\u00f6m<br \/>\nFlorav\u00e4gen 33 LGH 1201<br \/>\n931 39 Skellefte\u00e5<\/p>\n<h2>Tr\u00e4ningslokal<\/h2>\n<p>Skellefte\u00e5 Budokan, Campushallen p\u00e5 Skeria.<\/p>\n<h2>Organisationsnr<\/h2>\n<p>802461-5745<\/p>\n<hr \/>\n<h1>Avgifter<\/h1>\n<h2>Medlemsavgift<\/h2>\n<p>200kr\/person\/\u00e5r<\/p>\n<h2>Tr\u00e4ningsavgift<\/h2>\n<p>Vuxna: 1000kr \/ termin<br \/>\nBarn (8-17 \u00e5r): 700kr \/ termin<br \/>\nBarn (5-7 \u00e5r): 500kr \/ termin<\/p>\n<h2>Postgirot<\/h2>\n<p>615660-8<\/p>\n<h2>Swish<\/h2>\n<p>1232649325<\/p>\n<h2>F\u00f6rs\u00e4kring<\/h2>\n<p>F\u00f6r att f\u00f6rs\u00e4kringen ska g\u00e4lla M\u00c5STE man betala tr\u00e4ningsavgiften.<br \/>\nF\u00f6r mer info g\u00e4llande f\u00f6rs\u00e4kringen:\u00a0<a href=\"http:\/\/www.budokampsport.se\/klubb\/forsakring\/\" target=\"_blank\" rel=\"noopener\">Budokampsport<\/a><\/p>\n<h2><\/h2>\n<h1>Lokaler<\/h1>\n<table cellspacing=\"0\" cellpadding=\"0\">\n<tbody>\n<tr>\n<td><img loading=\"lazy\" decoding=\"async\" class=\"size-medium wp-image-87 alignleft\" src=\"https:\/\/guldstadenskyokushin.se\/home\/wp-content\/uploads\/2022\/04\/local1-300x225.jpeg\" alt=\"\" width=\"300\" height=\"225\" srcset=\"https:\/\/guldstadenskyokushin.se\/home\/wp-content\/uploads\/2022\/04\/local1-300x225.jpeg 300w, https:\/\/guldstadenskyokushin.se\/home\/wp-content\/uploads\/2022\/04\/local1-1024x768.jpeg 1024w, https:\/\/guldstadenskyokushin.se\/home\/wp-content\/uploads\/2022\/04\/local1-768x576.jpeg 768w, https:\/\/guldstadenskyokushin.se\/home\/wp-content\/uploads\/2022\/04\/local1-1536x1152.jpeg 1536w, https:\/\/guldstadenskyokushin.se\/home\/wp-content\/uploads\/2022\/04\/local1-2048x1536.jpeg 2048w, https:\/\/guldstadenskyokushin.se\/home\/wp-content\/uploads\/2022\/04\/local1-400x300.jpeg 400w\" sizes=\"auto, (max-width: 300px) 100vw, 300px\" \/><\/td>\n<td><img loading=\"lazy\" decoding=\"async\" class=\"size-medium wp-image-88 alignleft\" src=\"https:\/\/guldstadenskyokushin.se\/home\/wp-content\/uploads\/2022\/04\/local2-300x225.jpeg\" alt=\"\" width=\"300\" height=\"225\" srcset=\"https:\/\/guldstadenskyokushin.se\/home\/wp-content\/uploads\/2022\/04\/local2-300x225.jpeg 300w, https:\/\/guldstadenskyokushin.se\/home\/wp-content\/uploads\/2022\/04\/local2-1024x768.jpeg 1024w, https:\/\/guldstadenskyokushin.se\/home\/wp-content\/uploads\/2022\/04\/local2-768x576.jpeg 768w, https:\/\/guldstadenskyokushin.se\/home\/wp-content\/uploads\/2022\/04\/local2-1536x1152.jpeg 1536w, https:\/\/guldstadenskyokushin.se\/home\/wp-content\/uploads\/2022\/04\/local2-2048x1536.jpeg 2048w, https:\/\/guldstadenskyokushin.se\/home\/wp-content\/uploads\/2022\/04\/local2-400x300.jpeg 400w\" sizes=\"auto, (max-width: 300px) 100vw, 300px\" \/><\/td>\n<td><img loading=\"lazy\" decoding=\"async\" class=\"size-medium wp-image-89 alignleft\" src=\"https:\/\/guldstadenskyokushin.se\/home\/wp-content\/uploads\/2022\/04\/local3-300x225.jpeg\" alt=\"\" width=\"300\" height=\"225\" srcset=\"https:\/\/guldstadenskyokushin.se\/home\/wp-content\/uploads\/2022\/04\/local3-300x225.jpeg 300w, https:\/\/guldstadenskyokushin.se\/home\/wp-content\/uploads\/2022\/04\/local3-1024x768.jpeg 1024w, https:\/\/guldstadenskyokushin.se\/home\/wp-content\/uploads\/2022\/04\/local3-768x576.jpeg 768w, https:\/\/guldstadenskyokushin.se\/home\/wp-content\/uploads\/2022\/04\/local3-1536x1152.jpeg 1536w, https:\/\/guldstadenskyokushin.se\/home\/wp-content\/uploads\/2022\/04\/local3-2048x1536.jpeg 2048w, https:\/\/guldstadenskyokushin.se\/home\/wp-content\/uploads\/2022\/04\/local3-400x300.jpeg 400w\" sizes=\"auto, (max-width: 300px) 100vw, 300px\" \/><\/td>\n<\/tr>\n<\/tbody>\n<\/table>\n<h1>Sponsorer<\/h1>\n<p><img loading=\"lazy\" decoding=\"async\" class=\"alignnone wp-image-98 \" src=\"https:\/\/guldstadenskyokushin.se\/home\/wp-content\/uploads\/2022\/04\/191202_Sponsring_banner_300x320-281x300.jpg\" alt=\"\" width=\"234\" height=\"249\" srcset=\"https:\/\/guldstadenskyokushin.se\/home\/wp-content\/uploads\/2022\/04\/191202_Sponsring_banner_300x320-281x300.jpg 281w, https:\/\/guldstadenskyokushin.se\/home\/wp-content\/uploads\/2022\/04\/191202_Sponsring_banner_300x320.jpg 300w\" sizes=\"auto, (max-width: 234px) 100vw, 234px\" \/><\/p>\n","protected":false},"excerpt":{"rendered":"<p>V\u00e5r Facebook-sida Du hittar senaste h\u00e4ndelser om v\u00e5r klubb p\u00e5 v\u00e5r\u00a0Facebook sida. Om kyokushin Ladda ner v\u00e5r kompendium om Kyokushin:\u00a0Kompendium Tr\u00e4ningstider All tr\u00e4ning sker p\u00e5 Skellefte\u00e5 Budokan, Campushallen om inget annat anges. Vintertider Tisdag 18:00 \u2013 19:00: Barn 19:00 \u2013 &hellip; <a href=\"https:\/\/guldstadenskyokushin.se\/home\/\">Continue reading <span class=\"meta-nav\">&rarr;<\/span><\/a><\/p>\n","protected":false},"author":1,"featured_media":0,"parent":0,"menu_order":0,"comment_status":"closed","ping_status":"open","template":"","meta":{"footnotes":""},"class_list":["post-2","page","type-page","status-publish","hentry"],"aioseo_notices":[],"_links":{"self":[{"href":"https:\/\/guldstadenskyokushin.se\/home\/wp-json\/wp\/v2\/pages\/2","targetHints":{"allow":["GET"]}}],"collection":[{"href":"https:\/\/guldstadenskyokushin.se\/home\/wp-json\/wp\/v2\/pages"}],"about":[{"href":"https:\/\/guldstadenskyokushin.se\/home\/wp-json\/wp\/v2\/types\/page"}],"author":[{"embeddable":true,"href":"https:\/\/guldstadenskyokushin.se\/home\/wp-json\/wp\/v2\/users\/1"}],"replies":[{"embeddable":true,"href":"https:\/\/guldstadenskyokushin.se\/home\/wp-json\/wp\/v2\/comments?post=2"}],"version-history":[{"count":36,"href":"https:\/\/guldstadenskyokushin.se\/home\/wp-json\/wp\/v2\/pages\/2\/revisions"}],"predecessor-version":[{"id":190,"href":"https:\/\/guldstadenskyokushin.se\/home\/wp-json\/wp\/v2\/pages\/2\/revisions\/190"}],"wp:attachment":[{"href":"https:\/\/guldstadenskyokushin.se\/home\/wp-json\/wp\/v2\/media?parent=2"}],"curies":[{"name":"wp","href":"https:\/\/api.w.org\/{rel}","templated":true}]}}