{"id":124,"date":"2023-08-19T10:22:55","date_gmt":"2023-08-19T10:22:55","guid":{"rendered":"https:\/\/guldstadenskyokushin.se\/home\/?page_id=124"},"modified":"2024-01-17T13:11:27","modified_gmt":"2024-01-17T13:11:27","slug":"om-oss","status":"publish","type":"page","link":"https:\/\/guldstadenskyokushin.se\/home\/om-oss\/","title":{"rendered":"Om oss"},"content":{"rendered":"<p>Guldstadens Kyokushin Karate \u00e4r inte bara en karateklubb; det \u00e4r en gemenskap. Sedan den grundades 2011 har vi str\u00e4vat efter att skapa en milj\u00f6 d\u00e4r alla, oavsett \u00e5lder eller erfarenhetsniv\u00e5, k\u00e4nner sig v\u00e4lkomna och motiverade att l\u00e4ra sig och v\u00e4xa.<\/p>\n<h1>V\u00e5r Historia<\/h1>\n<p>Vi startade v\u00e5r resa i Skellefte\u00e5 2011 med en handfull entusiastiska medlemmar och har sedan dess vuxit till att bli staden mest erk\u00e4nda karateklubb. Genom \u00e5ren har vi tr\u00e4nat hundratals elever, m\u00e5nga av vilka har g\u00e5tt vidare till att t\u00e4vla p\u00e5 nationell och internationell niv\u00e5.<\/p>\n<h1>Varf\u00f6r V\u00e4lja Oss?<\/h1>\n<p>Erfarna Instrukt\u00f6rer: V\u00e5rt team av instrukt\u00f6rer \u00e4r dedikerade, v\u00e4lutbildade och passionerade om att dela sin kunskap.<br \/>\nModerna Faciliteter: V\u00e5r tr\u00e4ningslokal \u00e4r utrustad med den senaste utrustningen och erbjuder en s\u00e4ker och bekv\u00e4m milj\u00f6 f\u00f6r alla v\u00e5ra medlemmar.<br \/>\nGemenskap: H\u00e4r \u00e4r alla som en familj. Vi st\u00f6djer varandra, firar varandras framg\u00e5ngar och arbetar tillsammans f\u00f6r att \u00f6vervinna utmaningar.<\/p>\n<h1>Kom och Bes\u00f6k Oss!<\/h1>\n<p>\u00c4r du intresserad av att l\u00e4ra dig karate eller bara vill veta mer om v\u00e5r klubb?<br \/>\nKom f\u00f6rbi v\u00e5r tr\u00e4ningslokal eller kontakta oss.<br \/>\nVi ser fram emot att v\u00e4lkomna dig till v\u00e5r familj!<\/p>\n","protected":false},"excerpt":{"rendered":"<p>Guldstadens Kyokushin Karate \u00e4r inte bara en karateklubb; det \u00e4r en gemenskap. Sedan den grundades 2011 har vi str\u00e4vat efter att skapa en milj\u00f6 d\u00e4r alla, oavsett \u00e5lder eller erfarenhetsniv\u00e5, k\u00e4nner sig v\u00e4lkomna och motiverade att l\u00e4ra sig och v\u00e4xa. &hellip; <a href=\"https:\/\/guldstadenskyokushin.se\/home\/om-oss\/\">Continue reading <span class=\"meta-nav\">&rarr;<\/span><\/a><\/p>\n","protected":false},"author":1,"featured_media":0,"parent":0,"menu_order":0,"comment_status":"closed","ping_status":"closed","template":"","meta":{"footnotes":""},"class_list":["post-124","page","type-page","status-publish","hentry"],"aioseo_notices":[],"_links":{"self":[{"href":"https:\/\/guldstadenskyokushin.se\/home\/wp-json\/wp\/v2\/pages\/124","targetHints":{"allow":["GET"]}}],"collection":[{"href":"https:\/\/guldstadenskyokushin.se\/home\/wp-json\/wp\/v2\/pages"}],"about":[{"href":"https:\/\/guldstadenskyokushin.se\/home\/wp-json\/wp\/v2\/types\/page"}],"author":[{"embeddable":true,"href":"https:\/\/guldstadenskyokushin.se\/home\/wp-json\/wp\/v2\/users\/1"}],"replies":[{"embeddable":true,"href":"https:\/\/guldstadenskyokushin.se\/home\/wp-json\/wp\/v2\/comments?post=124"}],"version-history":[{"count":3,"href":"https:\/\/guldstadenskyokushin.se\/home\/wp-json\/wp\/v2\/pages\/124\/revisions"}],"predecessor-version":[{"id":170,"href":"https:\/\/guldstadenskyokushin.se\/home\/wp-json\/wp\/v2\/pages\/124\/revisions\/170"}],"wp:attachment":[{"href":"https:\/\/guldstadenskyokushin.se\/home\/wp-json\/wp\/v2\/media?parent=124"}],"curies":[{"name":"wp","href":"https:\/\/api.w.org\/{rel}","templated":true}]}}